{"id":134,"date":"2015-09-23T18:30:12","date_gmt":"2015-09-23T18:30:12","guid":{"rendered":"http:\/\/feuerwehr-ottensen.de\/?page_id=134"},"modified":"2025-10-19T09:25:36","modified_gmt":"2025-10-19T09:25:36","slug":"ueber-uns-2","status":"publish","type":"page","link":"https:\/\/feuerwehr-ottensen.de\/?page_id=134","title":{"rendered":"\u00dcber uns"},"content":{"rendered":"<p>Die Freiwillige Feuerwehr Ottensen setzt sich zusammen aus:<\/p>\n<p>31 aktiven Mitgliedern<\/p>\n<ul>\n<li>davon 25 M\u00e4nner und 6 Frauen<\/li>\n<\/ul>\n<p>au\u00dferdem<\/p>\n<p>14 Alterskameraden<\/p>\n<p>In der <a href=\"http:\/\/zug2.de\/index.php\/jf-estetal\/wir-ueber-unsjf\" target=\"_blank\" rel=\"noopener\">Jugendfeuerwehr Estetal<\/a>, die wir zusammen mit <a href=\"http:\/\/www.zug2.de\" target=\"_blank\" rel=\"noopener\">dem zweiten Zug der Hansestadt Buxtehude<\/a> gegr\u00fcndet haben, sind 4 Jungen aus Ottensen vertreten.<\/p>\n\n\n<h2 class=\"wp-block-heading\"><strong>Geschichte<\/strong>:<\/h2>\n\n\n\n<figure class=\"wp-block-table is-style-regular\"><table class=\"has-fixed-layout\"><tbody><tr><th>Jahr<\/th><th>Zusammenfassung<\/th><\/tr><tr><th>1913<\/th><td>Der erste Feuerl\u00f6schteich wird in Ottensen bei Joachim Tobaben gebaut.<\/td><\/tr><tr><th>1936<\/th><td>Vertragliche Bindung Ottensens an Buxtehude als Feuerl\u00f6schverband. Da Ottensen keine eigene Feuerwehr hat, m\u00fcssen an Buxtehude 75,- RM gezahlt werden.<\/td><\/tr><tr><th>1938<\/th><td>Der bestehende Feuerwehrsto\u00dftrupp wird von 3 auf 6 Mann erh\u00f6ht.<\/td><\/tr><tr><th>1942<\/th><td>Der zweite Feuerl\u00f6schteich wird bei der Schule \/ Lehmkuhle gebaut.<\/td><\/tr><tr><th>22.05.1943 &nbsp;<\/th><td>Die selbstst\u00e4ndige Feuerwehr Ottensen wird gegr\u00fcndet. Sie besteht zun\u00e4chst aus:<br><br>10 aktiven Feuerwehrm\u00e4nnern<br>11 weiblichen Feuerwehrhelferinnen<br>4 weiblichen \u201eErste Hilfe\u201c Helferinnen<br><br>Wehrf\u00fchrer ist Wilhelm Peper<br>Als Ger\u00e4t wird eine Handdruckspritze zugeteilt. F\u00fcr den Einsatz der Pumpe sind 8 Personen erforderlich.<br><br>Die ersten Feuerwehrfrauen und \u2013M\u00e4nner in dieser Zeit waren:Grete Grashorn, geb. TobabenTine Kalbohm, geb. EngelkenAnne Vietmeier, geb. M\u00f6llerErna Viets, geb. MatthesGrete Zipser, geb. MeinkeErika Grandke, geb. EngelkenFrida Wilkens, geb. AugustinK\u00e4the Korthals, geb. G\u00fcterslohGrete Dammann, geb. DammannKlaus RathjenKlaus DammannHinrich AugustinBenno StenzelJakob DammannFranz GrunewaldKarl VolkerH. Stangel<\/td><\/tr><tr><th>1944<\/th><td>Der erste Wechsel in der Wehrf\u00fchrung wird notwendig, da Obertruppmann Wilhelm Peper zur Wehrmacht eingezogen wird. Sein Amt als Wehrf\u00fchrer bekommt Franz Grunewald \u00fcbertragen.<\/td><\/tr><tr><th>Dez. 1944<\/th><td>Franz Grunewald wird zum Rottmeister ernannt. Die Personalst\u00e4rke der Wehr betr\u00e4gt zu diesem Zeitpunkt:<br>1 Mann aktiv<br>5 m\u00e4nnliche Notdienstverpflichtete<br>10 weibliche Notdienstverpflichtete<br>1 Hitler Jugend<br><br>F\u00fcr die Alarmierung standen 3 Alarmh\u00f6rner zur Verf\u00fcgung.<\/td><\/tr><tr><th>Okt. 1945<\/th><td>Wilhelm Peper wird wieder Wehrf\u00fchrer (Gemeindebrandmeister) in Ottensen.<br>Die Ortsfeuerwehr bekommt die erste Motorspritze. Es ist eine DKW-Pumpe mit Anh\u00e4nger und Zuggabel.<\/td><\/tr><tr><th>1948<\/th><td>Hans Dammann l\u00f6st Wilhelm Peper als Gemeindebrandmeister ab.<\/td><\/tr><tr><th>1950<\/th><td>Die Personalst\u00e4rke der Wehr betr\u00e4gt jetzt 14 aktive Mitglieder.<br>Der Bestand an Schl\u00e4uchen wird auf 8 x B und 13 x C erweitert.<\/td><\/tr><tr><th>1961<\/th><td>Als Hauptger\u00e4t wird die DKW-Pumpe durch einen VW-Bus TSF-8 ersetzt.<br>Die Personalst\u00e4rke betr\u00e4gt jetzt 18 aktive M\u00e4nner.<\/td><\/tr><tr><th>1968<\/th><td>25-j\u00e4hrige Jubil\u00e4umsfeier in der Scheune bei Stelbe.<\/td><\/tr><tr><th>1969<\/th><td>Wilhelm Korthals wird F\u00fchrer der Feuerwehr Ottensen. Die korrekte Bezeichnung ist jetzt: Ortsbrandmeister<\/td><\/tr><tr><th>1977<\/th><td>Nachdem nach dem Krieg Frauen nicht mehr aktiv in der Feuerwehr eingesetzt werden durften, ist nun wieder ihre Aufnahme gestattet.<\/td><\/tr><tr><th>1979<\/th><td>Werner Wegener wird auf der Jahreshauptversammlung zum Ortsbrandmeister gew\u00e4hlt und l\u00f6st Wilhelm Korthals ab.<\/td><\/tr><tr><th>21.11.1981<\/th><td>Der VW-Bus wird durch ein Mercedes TSF-8 ersetzt.<br>Zusatzausr\u00fcstung ist schweres Atemschutzger\u00e4t.<\/td><\/tr><tr><th>1982<\/th><td>Grundsteinlegung f\u00fcr das neue Ger\u00e4tehaus.<\/td><\/tr><tr><th>1982<\/th><td>Einweihung des neuen Ger\u00e4tehauses. Es tr\u00e4gt den Namen ,,Estewiesen\u201c.<\/td><\/tr><tr><th>1992<\/th><td>Wechsel in der F\u00fchrung. Helmut Matthes wird neuer Ortsbrandmeister.<br>Werner Wegener wird zum Ehren-Ortsbrandmeister ernannt.<br>Die Personalst\u00e4rke der Wehr besteht zu diesem Zeitpunkt aus 3 aktiven Feuerwehrfrauen und 28 aktiven Feuerwehrm\u00e4nnern<\/td><\/tr><tr><th>22.05.1993<\/th><td>50 Jahre Freiwillige Feuerwehr OttensenEinweihung unserer ersten ,,Feuerwehr-Standarte\u201c.<br>Diese Standarte haben die Alterskameraden\/innen sowie die zuk\u00fcnftigen Mitglieder der &#8222;Passiven-Gruppe&#8220; der Wehr gestiftet.<\/td><\/tr><tr><th>Dez. 1993<\/th><td>Erste Gespr\u00e4che \u00fcber die Gr\u00fcndung einer ,,Passiven- Gruppe\u201c (F\u00f6rdermitglieder)<\/td><\/tr><tr><th>Feb. 1994<\/th><td>Gr\u00fcndung der ,,Passiven-Gruppe\u201c mit dem ersten Sprecher Rudolf Kramm.<\/td><\/tr><tr><th>05.05.1995<\/th><td>Gr\u00fcndung der Jugendfeuerwehr ,,Estetal\u201c gemeinsam mit den Kameraden\/innen des Zuges 2 der Hansestadt Buxtehude. Erster Jugendwart Detlef Eggers.<\/td><\/tr><tr><th>1995\/1996<\/th><td>Bau des Glockenturmes auf dem Friedhof der Ortschaft Ottensen durch Spenden der B\u00fcrger Ottensens.<br>Dieser Bau wurde besonders durch die Initiative und den Einsatz der ,, Passiven-Gruppe\u201c erm\u00f6glicht.<br>Spendensammler waren: Pit Brauer, Rudolf Kramm und Bruno Sieg.<\/td><\/tr><tr><th>1998<\/th><td>Helmut Matthes wird als Ortsbrandmeister einstimmig im Amt best\u00e4tigt.<br>Die Feuerwehr Ottensen verzeichnet ihren 50. Lehrgang auf Kreis- bzw. Landesebene.<\/td><\/tr><tr><th>1999<\/th><td>Dieter Wichern wird als stellv. Ortsbrandmeister im Amt best\u00e4tigt.<br>Die Feuerwehr Ottensen verzeichnet ihren 55. Lehrgang auf Kreis- bzw. Landesebene.<\/td><\/tr><tr><th>2000<\/th><td>Die Feuerwehr Ottensen verzeichnet ihren 60. Lehrgang auf Kreis- bzw. Landesebene.<br>Sieger im Stadtpokal der Hansestadt Buxtehude.<\/td><\/tr><tr><th>26.06.2002<\/th><td>Indienststellung des MTW Florian Stade 41 \/ 79. Das Fahrzeug wurde neu beschafft. Die hierf\u00fcr erforderlichen finanziellen Mittel wurden durch die Stadt Buxtehude sowie durch zahlreiche Spenden von Mitgliedern der Altersgruppe, Aktiven, Passiven und Ottensener B\u00fcrgern erm\u00f6glicht. Unser Dank gilt allen Spendern der Hansestadt Buxtehude und dem Autohaus Eberstein. Die Ausr\u00fcstung des Fahrzeuges mit Funk etc. wurde in Eigenarbeit geleistet. Das Fahrzeug erleichtert nicht nur der Einsatzgruppe den Alltag, sondern ist auch eine gro\u00dfe Entlastung f\u00fcr die Betreuer\/innen der Jugendfeuerwehr Estetal.<\/td><\/tr><tr><th>18.07.2002<\/th><td>Katastrophenalarm im Landkreis Stade.<br>Hochwassereinsatz in Stade-Hahle. Durch heftige Regenf\u00e4lle brach der Damm eines Regenr\u00fcckhaltebeckens.<\/td><\/tr><\/tbody><\/table><\/figure>\n\n\n\n<p><\/p>\n","protected":false},"excerpt":{"rendered":"<div class=\"mh-excerpt\"><p>Die Freiwillige Feuerwehr Ottensen setzt sich zusammen aus: 31 aktiven Mitgliedern davon 25 M\u00e4nner und 6 Frauen au\u00dferdem 14 Alterskameraden In der Jugendfeuerwehr Estetal, die <a class=\"mh-excerpt-more\" href=\"https:\/\/feuerwehr-ottensen.de\/?page_id=134\" title=\"\u00dcber uns\">[&#8230;]<\/a><\/p>\n<\/div>","protected":false},"author":1,"featured_media":0,"parent":0,"menu_order":0,"comment_status":"closed","ping_status":"closed","template":"","meta":{"footnotes":""},"class_list":["post-134","page","type-page","status-publish","hentry"],"_links":{"self":[{"href":"https:\/\/feuerwehr-ottensen.de\/index.php?rest_route=\/wp\/v2\/pages\/134","targetHints":{"allow":["GET"]}}],"collection":[{"href":"https:\/\/feuerwehr-ottensen.de\/index.php?rest_route=\/wp\/v2\/pages"}],"about":[{"href":"https:\/\/feuerwehr-ottensen.de\/index.php?rest_route=\/wp\/v2\/types\/page"}],"author":[{"embeddable":true,"href":"https:\/\/feuerwehr-ottensen.de\/index.php?rest_route=\/wp\/v2\/users\/1"}],"replies":[{"embeddable":true,"href":"https:\/\/feuerwehr-ottensen.de\/index.php?rest_route=%2Fwp%2Fv2%2Fcomments&post=134"}],"version-history":[{"count":7,"href":"https:\/\/feuerwehr-ottensen.de\/index.php?rest_route=\/wp\/v2\/pages\/134\/revisions"}],"predecessor-version":[{"id":2277,"href":"https:\/\/feuerwehr-ottensen.de\/index.php?rest_route=\/wp\/v2\/pages\/134\/revisions\/2277"}],"wp:attachment":[{"href":"https:\/\/feuerwehr-ottensen.de\/index.php?rest_route=%2Fwp%2Fv2%2Fmedia&parent=134"}],"curies":[{"name":"wp","href":"https:\/\/api.w.org\/{rel}","templated":true}]}}